{"id":955,"date":"2021-12-06T18:51:42","date_gmt":"2021-12-06T17:51:42","guid":{"rendered":"https:\/\/finknumrich.de\/?page_id=955"},"modified":"2023-03-22T12:06:22","modified_gmt":"2023-03-22T11:06:22","slug":"contact-2","status":"publish","type":"page","link":"https:\/\/finknumrich.de\/en\/contact-2\/","title":{"rendered":"Contact"},"content":{"rendered":"\n<div class=\"wp-block-group fn__hero fn__hero-contact\"><div class=\"wp-block-group__inner-container\">\n<h2>Do you need <strong>support<\/strong> for a <strong>patent project<\/strong>?<\/h2>\n\n\n\n<p>Even though we&#8217;ve been doing this job for a long time, there&#8217;s <strong>nothing more exciting<\/strong> for us than tackling the <strong>next big thing<\/strong> \u2013 perhaps an invention that will <strong>make the world a better place.<\/strong> <\/p>\n\n\n\n<p>Und wenn wir <strong>Sie dabei unterst\u00fctzen<\/strong> k\u00f6nnen, Ihr <strong>geistiges Eigentum zu sch\u00fctzen <\/strong>und Sie dabei ein St\u00fcck <strong>auf Ihrem Weg begleiten,<\/strong> dann wissen wir sofort wieder, warum wir so <strong>gro\u00dfe Freude<\/strong> an dem haben, was wir <strong>am besten k\u00f6nnen.<\/strong> <\/p>\n<\/div><\/div>\n\n<div class=\"wp-block-columns chapter_contact_1\">\n<div class=\"wp-block-column fn_form_column\">\n<div class=\"wp-block-contact-form-7-contact-form-selector\"><div role=\"form\" class=\"wpcf7\" id=\"wpcf7-f953-o1\" lang=\"en-US\" dir=\"ltr\">\n<div class=\"screen-reader-response\"><p role=\"status\" aria-live=\"polite\" aria-atomic=\"true\"><\/p> <ul><\/ul><\/div>\n<form action=\"\/en\/wp-json\/wp\/v2\/pages\/955#wpcf7-f953-o1\" method=\"post\" class=\"wpcf7-form init\" novalidate=\"novalidate\" data-status=\"init\">\n<div style=\"display: none;\">\n<input type=\"hidden\" name=\"_wpcf7\" value=\"953\" \/>\n<input type=\"hidden\" name=\"_wpcf7_version\" value=\"5.5.3\" \/>\n<input type=\"hidden\" name=\"_wpcf7_locale\" value=\"en_US\" \/>\n<input type=\"hidden\" name=\"_wpcf7_unit_tag\" value=\"wpcf7-f953-o1\" \/>\n<input type=\"hidden\" name=\"_wpcf7_container_post\" value=\"0\" \/>\n<input type=\"hidden\" name=\"_wpcf7_posted_data_hash\" value=\"\" \/>\n<\/div>\n<div class=\"cf7-row\">\n<div class=\"cf7-column half\">\n<div class=\"field\"><label>Firstname<em>*<\/em><\/label><span class=\"wpcf7-form-control-wrap first_name\"><input type=\"text\" name=\"first_name\" value=\"\" size=\"40\" class=\"wpcf7-form-control wpcf7-text wpcf7-validates-as-required\" aria-required=\"true\" aria-invalid=\"false\" placeholder=\"Firstname*\" \/><\/span><\/p>\n<p class=\"info-tip\">\n<\/div>\n<\/div>\n<div class=\"cf7-column half\">\n<div class=\"field\"><label>Lastname<em>*<\/em><\/label><span class=\"wpcf7-form-control-wrap last_name\"><input type=\"text\" name=\"last_name\" value=\"\" size=\"40\" class=\"wpcf7-form-control wpcf7-text wpcf7-validates-as-required\" aria-required=\"true\" aria-invalid=\"false\" placeholder=\"Lastname*\" \/><\/span><\/p>\n<p class=\"info-tip\">\n<\/div>\n<\/div>\n<div class=\"cf7-column full\">\n<div class=\"field\"><label>Email <em>*<\/em><\/label><span class=\"wpcf7-form-control-wrap email\"><input type=\"email\" name=\"email\" value=\"\" size=\"40\" class=\"wpcf7-form-control wpcf7-text wpcf7-email wpcf7-validates-as-required wpcf7-validates-as-email\" aria-required=\"true\" aria-invalid=\"false\" placeholder=\"Email*\" \/><\/span><span id=\"wpcf7-69f0c89a6f6bc-wrapper\" class=\"wpcf7-form-control-wrap email-from-wrap\" style=\"display:none !important; visibility:hidden !important;\"><label for=\"wpcf7-69f0c89a6f6bc-field\" class=\"hp-message\">Please leave this field empty.<\/label><input id=\"wpcf7-69f0c89a6f6bc-field\"  class=\"wpcf7-form-control wpcf7-text\" type=\"text\" name=\"email-from\" value=\"\" size=\"40\" tabindex=\"-1\" autocomplete=\"new-password\" \/><\/span><\/p>\n<p class=\"info-tip\">\n<\/div>\n<\/div>\n<div class=\"cf7-column full\">\n<div class=\"field\"><label>Phone<\/label><span class=\"wpcf7-form-control-wrap phone\"><input type=\"text\" name=\"phone\" value=\"\" size=\"40\" class=\"wpcf7-form-control wpcf7-text\" aria-invalid=\"false\" placeholder=\"Phone\" \/><\/span><\/p>\n<p class=\"info-tip\">\n<\/div>\n<\/div>\n<div class=\"cf7-column full\">\n<div class=\"field\"><label>Subject<\/label><span class=\"wpcf7-form-control-wrap subject\"><input type=\"text\" name=\"subject\" value=\"\" size=\"40\" class=\"wpcf7-form-control wpcf7-text\" aria-invalid=\"false\" placeholder=\"Subject\" \/><\/span><\/p>\n<p class=\"info-tip\">\n<\/div>\n<\/div>\n<div class=\"cf7-column full\">\n<div class=\"field\"><label><\/label><span class=\"wpcf7-form-control-wrap message\"><textarea name=\"message\" cols=\"40\" rows=\"5\" class=\"wpcf7-form-control wpcf7-textarea wpcf7-validates-as-required\" aria-required=\"true\" aria-invalid=\"false\">Your message*<\/textarea><\/span><\/p>\n<p class=\"info-tip\">\n<\/div>\n<\/div>\n<div class=\"cf7-column full\">\n<p class=\"note\">*mandatory fields<br><br \/>\nBy submitting the contact form, you agree to your data being used to process your request (for further information and revocation instructions, please refer to the <a href=\"en\/privacy-policy\/\" target=\"_blank\">privacy policy<\/a>).\n        <\/div>\n<div class=\"cf7-column full\">\n<div class=\"field\"><label><\/label><input type=\"submit\" value=\"Submit\" class=\"wpcf7-form-control has-spinner wpcf7-submit\" \/><\/p>\n<p class=\"info-tip\">\n<\/div>\n<\/div>\n<\/div>\n<div class=\"wpcf7-response-output\" aria-hidden=\"true\"><\/div><\/form><\/div><\/div>\n<\/div>\n\n\n\n<div class=\"wp-block-column fn_address_column\">\n<div class=\"wp-block-group fn_address\"><div class=\"wp-block-group__inner-container\">\n<h3>Munich Office <\/h3>\n\n\n\n<p>Fink Numrich<br\/>Intellectual Property <br\/>Wendl-Dietrich-Stra\u00dfe 14<br\/>80634 Munich | Germany <br\/>T <a href=\"tel:00498913014080\">+49 89 1301408-0 <\/a> <br\/>F +49 89 1301408-33<br\/><a href=\"mailto:mail@finknumrich.de\">mail@finknumrich.de<\/a><\/p>\n<\/div><\/div>\n\n\n\n<div class=\"wp-block-group fn_address\"><div class=\"wp-block-group__inner-container\">\n<h3>Office Erlangen <\/h3>\n\n\n\n<p>Fink Numrich<br\/>Intellectual Property <br\/>Henkestra\u00dfe 91 <br\/>91052 Erlangen | Germany <br\/>T <a href=\"tel:004991319402840\">+49 9131 9402840<\/a> <br\/>F +49 9131 9402841<br\/><a href=\"mailto:mail@finknumrich.de\">mail@finknumrich.de<\/a><\/p>\n<\/div><\/div>\n<\/div>\n<\/div>\n","protected":false},"excerpt":{"rendered":"<p>Do you need support for a patent project? Even though we&#8217;ve been doing this job for a long time, there&#8217;s nothing more exciting for us than tackling the next big thing \u2013 perhaps an invention that will make the world a better place. Und wenn wir Sie dabei unterst\u00fctzen k\u00f6nnen, Ihr geistiges Eigentum zu sch\u00fctzen [&hellip;]<\/p>\n","protected":false},"author":1,"featured_media":0,"parent":0,"menu_order":0,"comment_status":"closed","ping_status":"closed","template":"","meta":{"inline_featured_image":false},"yoast_head":"<!-- This site is optimized with the Yoast SEO plugin v17.7.1 - https:\/\/yoast.com\/wordpress\/plugins\/seo\/ -->\n<title>Contact - Fink Numrich Intellectual Property<\/title>\n<meta name=\"robots\" content=\"index, follow, max-snippet:-1, max-image-preview:large, max-video-preview:-1\" \/>\n<link rel=\"canonical\" href=\"https:\/\/finknumrich.de\/en\/contact-2\/\" \/>\n<meta property=\"og:locale\" content=\"en_US\" \/>\n<meta property=\"og:type\" content=\"article\" \/>\n<meta property=\"og:title\" content=\"Contact - Fink Numrich Intellectual Property\" \/>\n<meta property=\"og:description\" content=\"Do you need support for a patent project? Even though we&#8217;ve been doing this job for a long time, there&#8217;s nothing more exciting for us than tackling the next big thing \u2013 perhaps an invention that will make the world a better place. Und wenn wir Sie dabei unterst\u00fctzen k\u00f6nnen, Ihr geistiges Eigentum zu sch\u00fctzen [&hellip;]\" \/>\n<meta property=\"og:url\" content=\"https:\/\/finknumrich.de\/en\/contact-2\/\" \/>\n<meta property=\"og:site_name\" content=\"Fink Numrich Intellectual Property\" \/>\n<meta property=\"article:modified_time\" content=\"2023-03-22T11:06:22+00:00\" \/>\n<meta name=\"twitter:card\" content=\"summary_large_image\" \/>\n<meta name=\"twitter:label1\" content=\"Est. reading time\" \/>\n\t<meta name=\"twitter:data1\" content=\"1 minute\" \/>\n<script type=\"application\/ld+json\" class=\"yoast-schema-graph\">{\"@context\":\"https:\/\/schema.org\",\"@graph\":[{\"@type\":\"WebSite\",\"@id\":\"https:\/\/finknumrich.de\/#website\",\"url\":\"https:\/\/finknumrich.de\/\",\"name\":\"Fink Numrich Intellectual Property\",\"description\":\"\",\"potentialAction\":[{\"@type\":\"SearchAction\",\"target\":{\"@type\":\"EntryPoint\",\"urlTemplate\":\"https:\/\/finknumrich.de\/?s={search_term_string}\"},\"query-input\":\"required name=search_term_string\"}],\"inLanguage\":\"en-US\"},{\"@type\":\"WebPage\",\"@id\":\"https:\/\/finknumrich.de\/en\/contact-2\/#webpage\",\"url\":\"https:\/\/finknumrich.de\/en\/contact-2\/\",\"name\":\"Contact - Fink Numrich Intellectual Property\",\"isPartOf\":{\"@id\":\"https:\/\/finknumrich.de\/#website\"},\"datePublished\":\"2021-12-06T17:51:42+00:00\",\"dateModified\":\"2023-03-22T11:06:22+00:00\",\"breadcrumb\":{\"@id\":\"https:\/\/finknumrich.de\/en\/contact-2\/#breadcrumb\"},\"inLanguage\":\"en-US\",\"potentialAction\":[{\"@type\":\"ReadAction\",\"target\":[\"https:\/\/finknumrich.de\/en\/contact-2\/\"]}]},{\"@type\":\"BreadcrumbList\",\"@id\":\"https:\/\/finknumrich.de\/en\/contact-2\/#breadcrumb\",\"itemListElement\":[{\"@type\":\"ListItem\",\"position\":1,\"name\":\"Startseite\",\"item\":\"https:\/\/finknumrich.de\/en\/\"},{\"@type\":\"ListItem\",\"position\":2,\"name\":\"Contact\"}]}]}<\/script>\n<!-- \/ Yoast SEO plugin. -->","yoast_head_json":{"title":"Contact - Fink Numrich Intellectual Property","robots":{"index":"index","follow":"follow","max-snippet":"max-snippet:-1","max-image-preview":"max-image-preview:large","max-video-preview":"max-video-preview:-1"},"canonical":"https:\/\/finknumrich.de\/en\/contact-2\/","og_locale":"en_US","og_type":"article","og_title":"Contact - Fink Numrich Intellectual Property","og_description":"Do you need support for a patent project? Even though we&#8217;ve been doing this job for a long time, there&#8217;s nothing more exciting for us than tackling the next big thing \u2013 perhaps an invention that will make the world a better place. Und wenn wir Sie dabei unterst\u00fctzen k\u00f6nnen, Ihr geistiges Eigentum zu sch\u00fctzen [&hellip;]","og_url":"https:\/\/finknumrich.de\/en\/contact-2\/","og_site_name":"Fink Numrich Intellectual Property","article_modified_time":"2023-03-22T11:06:22+00:00","twitter_card":"summary_large_image","twitter_misc":{"Est. reading time":"1 minute"},"schema":{"@context":"https:\/\/schema.org","@graph":[{"@type":"WebSite","@id":"https:\/\/finknumrich.de\/#website","url":"https:\/\/finknumrich.de\/","name":"Fink Numrich Intellectual Property","description":"","potentialAction":[{"@type":"SearchAction","target":{"@type":"EntryPoint","urlTemplate":"https:\/\/finknumrich.de\/?s={search_term_string}"},"query-input":"required name=search_term_string"}],"inLanguage":"en-US"},{"@type":"WebPage","@id":"https:\/\/finknumrich.de\/en\/contact-2\/#webpage","url":"https:\/\/finknumrich.de\/en\/contact-2\/","name":"Contact - Fink Numrich Intellectual Property","isPartOf":{"@id":"https:\/\/finknumrich.de\/#website"},"datePublished":"2021-12-06T17:51:42+00:00","dateModified":"2023-03-22T11:06:22+00:00","breadcrumb":{"@id":"https:\/\/finknumrich.de\/en\/contact-2\/#breadcrumb"},"inLanguage":"en-US","potentialAction":[{"@type":"ReadAction","target":["https:\/\/finknumrich.de\/en\/contact-2\/"]}]},{"@type":"BreadcrumbList","@id":"https:\/\/finknumrich.de\/en\/contact-2\/#breadcrumb","itemListElement":[{"@type":"ListItem","position":1,"name":"Startseite","item":"https:\/\/finknumrich.de\/en\/"},{"@type":"ListItem","position":2,"name":"Contact"}]}]}},"_links":{"self":[{"href":"https:\/\/finknumrich.de\/en\/wp-json\/wp\/v2\/pages\/955"}],"collection":[{"href":"https:\/\/finknumrich.de\/en\/wp-json\/wp\/v2\/pages"}],"about":[{"href":"https:\/\/finknumrich.de\/en\/wp-json\/wp\/v2\/types\/page"}],"author":[{"embeddable":true,"href":"https:\/\/finknumrich.de\/en\/wp-json\/wp\/v2\/users\/1"}],"replies":[{"embeddable":true,"href":"https:\/\/finknumrich.de\/en\/wp-json\/wp\/v2\/comments?post=955"}],"version-history":[{"count":6,"href":"https:\/\/finknumrich.de\/en\/wp-json\/wp\/v2\/pages\/955\/revisions"}],"predecessor-version":[{"id":1216,"href":"https:\/\/finknumrich.de\/en\/wp-json\/wp\/v2\/pages\/955\/revisions\/1216"}],"wp:attachment":[{"href":"https:\/\/finknumrich.de\/en\/wp-json\/wp\/v2\/media?parent=955"}],"curies":[{"name":"wp","href":"https:\/\/api.w.org\/{rel}","templated":true}]}}