{"id":1148,"date":"2021-12-16T13:27:02","date_gmt":"2021-12-16T12:27:02","guid":{"rendered":"https:\/\/finknumrich.de\/?page_id=1148"},"modified":"2023-03-22T12:21:15","modified_gmt":"2023-03-22T11:21:15","slug":"contact","status":"publish","type":"page","link":"https:\/\/finknumrich.de\/ja\/contact\/","title":{"rendered":"Contact"},"content":{"rendered":"\n<div class=\"wp-block-group fn__hero fn__hero-contact\"><div class=\"wp-block-group__inner-container\">\n<h2>Und bei welchem <strong>patentrechtlichen Projekt<\/strong> k\u00f6nnen wir Sie <strong>unterst\u00fctzen?<\/strong><\/h2>\n\n\n\n<p>Auch, wenn wir den Job zugegebenerma\u00dfen schon eine ganze Zeit lang machen, gibt es auch f\u00fcr uns <strong>nichts Spannenderes<\/strong> als das <strong>\u201eNext Big Thing\u201c.<\/strong> Eine Erfindung, die die <strong>Welt wieder ein St\u00fcckchen besser macht. <\/strong><\/p>\n\n\n\n<p>Und wenn wir <strong>Sie dabei unterst\u00fctzen<\/strong> k\u00f6nnen, Ihr <strong>geistiges Eigentum zu sch\u00fctzen <\/strong>und Sie dabei ein St\u00fcck <strong>auf Ihrem Weg begleiten,<\/strong> dann wissen wir sofort wieder, warum wir so <strong>gro\u00dfe Freude<\/strong> an dem haben, was wir <strong>am besten k\u00f6nnen.<\/strong> <\/p>\n<\/div><\/div>\n\n<div class=\"wp-block-columns chapter_contact_1\">\n<div class=\"wp-block-column fn_form_column\">\n<div class=\"wp-block-contact-form-7-contact-form-selector\"><div role=\"form\" class=\"wpcf7\" id=\"wpcf7-f306-o1\" lang=\"de-DE\" dir=\"ltr\">\n<div class=\"screen-reader-response\"><p role=\"status\" aria-live=\"polite\" aria-atomic=\"true\"><\/p> <ul><\/ul><\/div>\n<form action=\"\/ja\/wp-json\/wp\/v2\/pages\/1148#wpcf7-f306-o1\" method=\"post\" class=\"wpcf7-form init\" novalidate=\"novalidate\" data-status=\"init\">\n<div style=\"display: none;\">\n<input type=\"hidden\" name=\"_wpcf7\" value=\"306\" \/>\n<input type=\"hidden\" name=\"_wpcf7_version\" value=\"5.5.3\" \/>\n<input type=\"hidden\" name=\"_wpcf7_locale\" value=\"de_DE\" \/>\n<input type=\"hidden\" name=\"_wpcf7_unit_tag\" value=\"wpcf7-f306-o1\" \/>\n<input type=\"hidden\" name=\"_wpcf7_container_post\" value=\"0\" \/>\n<input type=\"hidden\" name=\"_wpcf7_posted_data_hash\" value=\"\" \/>\n<\/div>\n<div class=\"cf7-row\">\n<div class=\"cf7-column half\">\n<div class=\"field\"><label>Vorname <em>*<\/em><\/label><span class=\"wpcf7-form-control-wrap first_name\"><input type=\"text\" name=\"first_name\" value=\"\" size=\"40\" class=\"wpcf7-form-control wpcf7-text wpcf7-validates-as-required\" aria-required=\"true\" aria-invalid=\"false\" placeholder=\"Vorname*\" \/><\/span><\/p>\n<p class=\"info-tip\">\n<\/div>\n<\/div>\n<div class=\"cf7-column half\">\n<div class=\"field\"><label>Nachname <em>*<\/em><\/label><span class=\"wpcf7-form-control-wrap last_name\"><input type=\"text\" name=\"last_name\" value=\"\" size=\"40\" class=\"wpcf7-form-control wpcf7-text wpcf7-validates-as-required\" aria-required=\"true\" aria-invalid=\"false\" placeholder=\"Nachname*\" \/><\/span><\/p>\n<p class=\"info-tip\">\n<\/div>\n<\/div>\n<div class=\"cf7-column full\">\n<div class=\"field\"><label>Email <em>*<\/em><\/label><span class=\"wpcf7-form-control-wrap email\"><input type=\"email\" name=\"email\" value=\"\" size=\"40\" class=\"wpcf7-form-control wpcf7-text wpcf7-email wpcf7-validates-as-required wpcf7-validates-as-email\" aria-required=\"true\" aria-invalid=\"false\" placeholder=\"Email*\" \/><\/span><span id=\"wpcf7-69f0c86c194ec-wrapper\" class=\"wpcf7-form-control-wrap email-from-wrap\" style=\"display:none !important; visibility:hidden !important;\"><label for=\"wpcf7-69f0c86c194ec-field\" class=\"hp-message\">\u3053\u306e\u30d5\u30a3\u30fc\u30eb\u30c9\u306f\u7a7a\u306e\u307e\u307e\u306b\u3057\u3066\u304f\u3060\u3055\u3044\u3002<\/label><input id=\"wpcf7-69f0c86c194ec-field\"  class=\"wpcf7-form-control wpcf7-text\" type=\"text\" name=\"email-from\" value=\"\" size=\"40\" tabindex=\"-1\" autocomplete=\"new-password\" \/><\/span><\/p>\n<p class=\"info-tip\">\n<\/div>\n<\/div>\n<div class=\"cf7-column full\">\n<div class=\"field\"><label>Telefon<\/label><span class=\"wpcf7-form-control-wrap phone\"><input type=\"text\" name=\"phone\" value=\"\" size=\"40\" class=\"wpcf7-form-control wpcf7-text\" aria-invalid=\"false\" placeholder=\"Telefonnummer\" \/><\/span><\/p>\n<p class=\"info-tip\">\n<\/div>\n<\/div>\n<div class=\"cf7-column full\">\n<div class=\"field\"><label>Betreff<\/label><span class=\"wpcf7-form-control-wrap subject\"><input type=\"text\" name=\"subject\" value=\"\" size=\"40\" class=\"wpcf7-form-control wpcf7-text\" aria-invalid=\"false\" placeholder=\"Betreff\" \/><\/span><\/p>\n<p class=\"info-tip\">\n<\/div>\n<\/div>\n<div class=\"cf7-column full\">\n<div class=\"field\"><label><\/label><span class=\"wpcf7-form-control-wrap message\"><textarea name=\"message\" cols=\"40\" rows=\"5\" class=\"wpcf7-form-control wpcf7-textarea wpcf7-validates-as-required\" aria-required=\"true\" aria-invalid=\"false\">Ihre Nachricht*<\/textarea><\/span><\/p>\n<p class=\"info-tip\">\n<\/div>\n<\/div>\n<div class=\"cf7-column full\">\n<p class=\"note\">*notwendige Angaben<br><br \/>\nMit dem Absenden des Kontaktformulars erkl\u00e4ren Sie sich damit einverstanden, dass Ihre Daten zur Bearbeitung Ihres Anliegens verwendet werden (Weitere Informationen und Widerrufshinweise finden Sie in der <a href=\"\/datenschutz\/\" target=\"_blank\">Datenschutzerkl\u00e4rung<\/a>).<\/p>\n<\/div>\n<div class=\"cf7-column full\">\n<div class=\"field\"><label><\/label><input type=\"submit\" value=\"Absenden\" class=\"wpcf7-form-control has-spinner wpcf7-submit\" \/><\/p>\n<p class=\"info-tip\">\n<\/div>\n<\/div>\n<\/div>\n<div class=\"wpcf7-response-output\" aria-hidden=\"true\"><\/div><\/form><\/div><\/div>\n<\/div>\n\n\n\n<div class=\"wp-block-column fn_address_column\">\n<div class=\"wp-block-group fn_address\"><div class=\"wp-block-group__inner-container\">\n<h3>Office M\u00fcnchen <\/h3>\n\n\n\n<p>Fink Numrich<br\/>Intellectual Property <br\/>Wendl-Dietrich-Stra\u00dfe 14<br\/>80634 Munich | Germany <br\/>T <a href=\"tel:00498913014080\">+49 89 1301408-0 <\/a> <br\/>F +49 89 1301408-33<br\/><a href=\"mailto:mail@finknumrich.de\">mail@finknumrich.de<\/a><\/p>\n<\/div><\/div>\n\n\n\n<div class=\"wp-block-group fn_address\"><div class=\"wp-block-group__inner-container\">\n<h3>Office Erlangen <\/h3>\n\n\n\n<p>Fink Numrich<br\/>Intellectual Property <br\/>Henkestra\u00dfe 91 <br\/>91052 Erlangen | Germany <br\/>T <a href=\"tel:004991319402840\">+49 9131 9402840<\/a> <br\/>F +49 9131 9402841<br\/><a href=\"mailto:mail@finknumrich.de\">mail@finknumrich.de<\/a><\/p>\n<\/div><\/div>\n<\/div>\n<\/div>\n","protected":false},"excerpt":{"rendered":"<p>Und bei welchem patentrechtlichen Projekt k\u00f6nnen wir Sie unterst\u00fctzen? Auch, wenn wir den Job zugegebenerma\u00dfen [&hellip;]<\/p>\n","protected":false},"author":2,"featured_media":0,"parent":0,"menu_order":0,"comment_status":"closed","ping_status":"closed","template":"","meta":{"inline_featured_image":false},"yoast_head":"<!-- This site is optimized with the Yoast SEO plugin v17.7.1 - https:\/\/yoast.com\/wordpress\/plugins\/seo\/ -->\n<title>Contact - Fink Numrich Intellectual Property<\/title>\n<meta name=\"robots\" content=\"index, follow, max-snippet:-1, max-image-preview:large, max-video-preview:-1\" \/>\n<link rel=\"canonical\" href=\"https:\/\/finknumrich.de\/ja\/contact\/\" \/>\n<meta property=\"og:locale\" content=\"ja_JP\" \/>\n<meta property=\"og:type\" content=\"article\" \/>\n<meta property=\"og:title\" content=\"Contact - Fink Numrich Intellectual Property\" \/>\n<meta property=\"og:description\" content=\"Und bei welchem patentrechtlichen Projekt k\u00f6nnen wir Sie unterst\u00fctzen? Auch, wenn wir den Job zugegebenerma\u00dfen [&hellip;]\" \/>\n<meta property=\"og:url\" content=\"https:\/\/finknumrich.de\/ja\/contact\/\" \/>\n<meta property=\"og:site_name\" content=\"Fink Numrich Intellectual Property\" \/>\n<meta property=\"article:modified_time\" content=\"2023-03-22T11:21:15+00:00\" \/>\n<meta name=\"twitter:card\" content=\"summary_large_image\" \/>\n<meta name=\"twitter:label1\" content=\"\u63a8\u5b9a\u8aad\u307f\u53d6\u308a\u6642\u9593\" \/>\n\t<meta name=\"twitter:data1\" content=\"1\u5206\" \/>\n<script type=\"application\/ld+json\" class=\"yoast-schema-graph\">{\"@context\":\"https:\/\/schema.org\",\"@graph\":[{\"@type\":\"WebSite\",\"@id\":\"https:\/\/finknumrich.de\/#website\",\"url\":\"https:\/\/finknumrich.de\/\",\"name\":\"Fink Numrich Intellectual Property\",\"description\":\"\",\"potentialAction\":[{\"@type\":\"SearchAction\",\"target\":{\"@type\":\"EntryPoint\",\"urlTemplate\":\"https:\/\/finknumrich.de\/?s={search_term_string}\"},\"query-input\":\"required name=search_term_string\"}],\"inLanguage\":\"ja\"},{\"@type\":\"WebPage\",\"@id\":\"https:\/\/finknumrich.de\/ja\/contact\/#webpage\",\"url\":\"https:\/\/finknumrich.de\/ja\/contact\/\",\"name\":\"Contact - Fink Numrich Intellectual Property\",\"isPartOf\":{\"@id\":\"https:\/\/finknumrich.de\/#website\"},\"datePublished\":\"2021-12-16T12:27:02+00:00\",\"dateModified\":\"2023-03-22T11:21:15+00:00\",\"breadcrumb\":{\"@id\":\"https:\/\/finknumrich.de\/ja\/contact\/#breadcrumb\"},\"inLanguage\":\"ja\",\"potentialAction\":[{\"@type\":\"ReadAction\",\"target\":[\"https:\/\/finknumrich.de\/ja\/contact\/\"]}]},{\"@type\":\"BreadcrumbList\",\"@id\":\"https:\/\/finknumrich.de\/ja\/contact\/#breadcrumb\",\"itemListElement\":[{\"@type\":\"ListItem\",\"position\":1,\"name\":\"Startseite\",\"item\":\"https:\/\/finknumrich.de\/ja\/\"},{\"@type\":\"ListItem\",\"position\":2,\"name\":\"Contact\"}]}]}<\/script>\n<!-- \/ Yoast SEO plugin. -->","yoast_head_json":{"title":"Contact - Fink Numrich Intellectual Property","robots":{"index":"index","follow":"follow","max-snippet":"max-snippet:-1","max-image-preview":"max-image-preview:large","max-video-preview":"max-video-preview:-1"},"canonical":"https:\/\/finknumrich.de\/ja\/contact\/","og_locale":"ja_JP","og_type":"article","og_title":"Contact - Fink Numrich Intellectual Property","og_description":"Und bei welchem patentrechtlichen Projekt k\u00f6nnen wir Sie unterst\u00fctzen? Auch, wenn wir den Job zugegebenerma\u00dfen [&hellip;]","og_url":"https:\/\/finknumrich.de\/ja\/contact\/","og_site_name":"Fink Numrich Intellectual Property","article_modified_time":"2023-03-22T11:21:15+00:00","twitter_card":"summary_large_image","twitter_misc":{"\u63a8\u5b9a\u8aad\u307f\u53d6\u308a\u6642\u9593":"1\u5206"},"schema":{"@context":"https:\/\/schema.org","@graph":[{"@type":"WebSite","@id":"https:\/\/finknumrich.de\/#website","url":"https:\/\/finknumrich.de\/","name":"Fink Numrich Intellectual Property","description":"","potentialAction":[{"@type":"SearchAction","target":{"@type":"EntryPoint","urlTemplate":"https:\/\/finknumrich.de\/?s={search_term_string}"},"query-input":"required name=search_term_string"}],"inLanguage":"ja"},{"@type":"WebPage","@id":"https:\/\/finknumrich.de\/ja\/contact\/#webpage","url":"https:\/\/finknumrich.de\/ja\/contact\/","name":"Contact - Fink Numrich Intellectual Property","isPartOf":{"@id":"https:\/\/finknumrich.de\/#website"},"datePublished":"2021-12-16T12:27:02+00:00","dateModified":"2023-03-22T11:21:15+00:00","breadcrumb":{"@id":"https:\/\/finknumrich.de\/ja\/contact\/#breadcrumb"},"inLanguage":"ja","potentialAction":[{"@type":"ReadAction","target":["https:\/\/finknumrich.de\/ja\/contact\/"]}]},{"@type":"BreadcrumbList","@id":"https:\/\/finknumrich.de\/ja\/contact\/#breadcrumb","itemListElement":[{"@type":"ListItem","position":1,"name":"Startseite","item":"https:\/\/finknumrich.de\/ja\/"},{"@type":"ListItem","position":2,"name":"Contact"}]}]}},"_links":{"self":[{"href":"https:\/\/finknumrich.de\/ja\/wp-json\/wp\/v2\/pages\/1148"}],"collection":[{"href":"https:\/\/finknumrich.de\/ja\/wp-json\/wp\/v2\/pages"}],"about":[{"href":"https:\/\/finknumrich.de\/ja\/wp-json\/wp\/v2\/types\/page"}],"author":[{"embeddable":true,"href":"https:\/\/finknumrich.de\/ja\/wp-json\/wp\/v2\/users\/2"}],"replies":[{"embeddable":true,"href":"https:\/\/finknumrich.de\/ja\/wp-json\/wp\/v2\/comments?post=1148"}],"version-history":[{"count":5,"href":"https:\/\/finknumrich.de\/ja\/wp-json\/wp\/v2\/pages\/1148\/revisions"}],"predecessor-version":[{"id":1218,"href":"https:\/\/finknumrich.de\/ja\/wp-json\/wp\/v2\/pages\/1148\/revisions\/1218"}],"wp:attachment":[{"href":"https:\/\/finknumrich.de\/ja\/wp-json\/wp\/v2\/media?parent=1148"}],"curies":[{"name":"wp","href":"https:\/\/api.w.org\/{rel}","templated":true}]}}