{"id":1161,"date":"2021-12-16T22:22:26","date_gmt":"2021-12-16T21:22:26","guid":{"rendered":"https:\/\/finknumrich.de\/?page_id=1161"},"modified":"2021-12-16T22:22:51","modified_gmt":"2021-12-16T21:22:51","slug":"legal-notice","status":"publish","type":"page","link":"https:\/\/finknumrich.de\/ja\/legal-notice\/","title":{"rendered":"Legal Notice"},"content":{"rendered":"\n<div class=\"wp-block-group legal-text\"><div class=\"wp-block-group__inner-container\">\n<h1>Legal Notice<\/h1>\n\n\n\n<p>General information in accordance with \u00a7 5 TMG<\/p>\n\n\n\n<p><strong>Provider of contents<\/strong><\/p>\n\n\n\n<p>Fink Numrich Patentanw\u00e4lte PartmbB<br>Wendl-Dietrich-Stra\u00dfe 14<br>80634 M\u00fcnchen<br>T +49 89 1301408-0<br>F +49 89 1301408-33<br>mail@finknumrich.de<br><\/p>\n\n\n\n<p><strong>Fink Numrich Patentanw\u00e4lte PartmbB is a partnership of attorneys with limited professional liability, registered in the Partnerschaftsregister (Register of Partnerships) of Amtsgericht Munich with number PR 1819. Stefan D. Fink and Harald Numrich are authorised to represent.<\/strong><\/p>\n\n\n\n<p>Stefan D. Fink and Harald Numrich are members of the German Patent Attorneys Association, Tal 29, 80331 Munich, and are subject to the professional regulations of the German Patent Attorney Code, the Code of Conduct for Patent Attorneys and the Professional Standards of the International Federation of Patent Attorneys. They bear the professional title &#8220;Patentanwalt&#8221; conferred in the Federal Republic of Germany.<\/p>\n\n\n\n<p>Stefan D. Fink and Harald Numrich also belong to the Institute of Professional Representatives before the European Patent Office (epi), Bayerstr. 83, 80335 Munich and are subject to the Code of Professional Conduct of epi. They bear the professional title &#8220;European Patent Attorney&#8221;.<\/p>\n\n\n\n<p>All regulations mentioned before and all further relevant regulations are to be found in their valid versions on the website of the Patentanwaltskammer <a href=\"https:\/\/www.patentanwalt.de\">www.patentanwalt.de<\/a> as well as <a href=\"https:\/\/www.ficpi.org\">www.ficpi.org<\/a> and <a href=\"https:\/\/www.patentepi.com\">www.patentepi.com<\/a>.<br><\/p>\n\n\n\n<p><strong>Professional liability insurance:<\/strong><br>R+V Allgemeine Versicherung AG, John-F.-Kennedy-Stra\u00dfe 1, 65189 Wiesbaden. Keine Beschr\u00e4nkung des r\u00e4umlichen Geltungsbereichs.<\/p>\n\n\n\n<p><strong>VAT identification number:<\/strong><br>DE 297727590<\/p>\n\n\n\n<p><strong>Liability information:<\/strong><br>We assume no liability for the contents of external links. The providers of the linked pages are exclusively responsible for the content.<\/p>\n\n\n\n<p>Photography: <a href=\"https:\/\/jensheilmann.de\">jensheilmann.de<\/a><br>Concept and realization: <a href=\"https:\/\/hhbrandworks.com\">hhbrandworks.com<\/a><\/p>\n\n\n\n<p><\/p>\n<\/div><\/div>\n","protected":false},"excerpt":{"rendered":"<p>Legal Notice General information in accordance with \u00a7 5 TMG Provider of contents Fink Numrich Patentanw\u00e4lte Pa [&hellip;]<\/p>\n","protected":false},"author":1,"featured_media":0,"parent":0,"menu_order":0,"comment_status":"closed","ping_status":"closed","template":"","meta":{"inline_featured_image":false},"yoast_head":"<!-- This site is optimized with the Yoast SEO plugin v17.7.1 - https:\/\/yoast.com\/wordpress\/plugins\/seo\/ -->\n<title>Legal Notice - Fink Numrich Intellectual Property<\/title>\n<meta name=\"robots\" content=\"index, follow, max-snippet:-1, max-image-preview:large, max-video-preview:-1\" \/>\n<link rel=\"canonical\" href=\"https:\/\/finknumrich.de\/ja\/legal-notice\/\" \/>\n<meta property=\"og:locale\" content=\"ja_JP\" \/>\n<meta property=\"og:type\" content=\"article\" \/>\n<meta property=\"og:title\" content=\"Legal Notice - Fink Numrich Intellectual Property\" \/>\n<meta property=\"og:description\" content=\"Legal Notice General information in accordance with \u00a7 5 TMG Provider of contents Fink Numrich Patentanw\u00e4lte Pa [&hellip;]\" \/>\n<meta property=\"og:url\" content=\"https:\/\/finknumrich.de\/ja\/legal-notice\/\" \/>\n<meta property=\"og:site_name\" content=\"Fink Numrich Intellectual Property\" \/>\n<meta property=\"article:modified_time\" content=\"2021-12-16T21:22:51+00:00\" \/>\n<meta name=\"twitter:card\" content=\"summary_large_image\" \/>\n<meta name=\"twitter:label1\" content=\"\u63a8\u5b9a\u8aad\u307f\u53d6\u308a\u6642\u9593\" \/>\n\t<meta name=\"twitter:data1\" content=\"2\u5206\" \/>\n<script type=\"application\/ld+json\" class=\"yoast-schema-graph\">{\"@context\":\"https:\/\/schema.org\",\"@graph\":[{\"@type\":\"WebSite\",\"@id\":\"https:\/\/finknumrich.de\/#website\",\"url\":\"https:\/\/finknumrich.de\/\",\"name\":\"Fink Numrich Intellectual Property\",\"description\":\"\",\"potentialAction\":[{\"@type\":\"SearchAction\",\"target\":{\"@type\":\"EntryPoint\",\"urlTemplate\":\"https:\/\/finknumrich.de\/?s={search_term_string}\"},\"query-input\":\"required name=search_term_string\"}],\"inLanguage\":\"ja\"},{\"@type\":\"WebPage\",\"@id\":\"https:\/\/finknumrich.de\/ja\/legal-notice\/#webpage\",\"url\":\"https:\/\/finknumrich.de\/ja\/legal-notice\/\",\"name\":\"Legal Notice - Fink Numrich Intellectual Property\",\"isPartOf\":{\"@id\":\"https:\/\/finknumrich.de\/#website\"},\"datePublished\":\"2021-12-16T21:22:26+00:00\",\"dateModified\":\"2021-12-16T21:22:51+00:00\",\"breadcrumb\":{\"@id\":\"https:\/\/finknumrich.de\/ja\/legal-notice\/#breadcrumb\"},\"inLanguage\":\"ja\",\"potentialAction\":[{\"@type\":\"ReadAction\",\"target\":[\"https:\/\/finknumrich.de\/ja\/legal-notice\/\"]}]},{\"@type\":\"BreadcrumbList\",\"@id\":\"https:\/\/finknumrich.de\/ja\/legal-notice\/#breadcrumb\",\"itemListElement\":[{\"@type\":\"ListItem\",\"position\":1,\"name\":\"Startseite\",\"item\":\"https:\/\/finknumrich.de\/ja\/\"},{\"@type\":\"ListItem\",\"position\":2,\"name\":\"Legal Notice\"}]}]}<\/script>\n<!-- \/ Yoast SEO plugin. -->","yoast_head_json":{"title":"Legal Notice - Fink Numrich Intellectual Property","robots":{"index":"index","follow":"follow","max-snippet":"max-snippet:-1","max-image-preview":"max-image-preview:large","max-video-preview":"max-video-preview:-1"},"canonical":"https:\/\/finknumrich.de\/ja\/legal-notice\/","og_locale":"ja_JP","og_type":"article","og_title":"Legal Notice - Fink Numrich Intellectual Property","og_description":"Legal Notice General information in accordance with \u00a7 5 TMG Provider of contents Fink Numrich Patentanw\u00e4lte Pa [&hellip;]","og_url":"https:\/\/finknumrich.de\/ja\/legal-notice\/","og_site_name":"Fink Numrich Intellectual Property","article_modified_time":"2021-12-16T21:22:51+00:00","twitter_card":"summary_large_image","twitter_misc":{"\u63a8\u5b9a\u8aad\u307f\u53d6\u308a\u6642\u9593":"2\u5206"},"schema":{"@context":"https:\/\/schema.org","@graph":[{"@type":"WebSite","@id":"https:\/\/finknumrich.de\/#website","url":"https:\/\/finknumrich.de\/","name":"Fink Numrich Intellectual Property","description":"","potentialAction":[{"@type":"SearchAction","target":{"@type":"EntryPoint","urlTemplate":"https:\/\/finknumrich.de\/?s={search_term_string}"},"query-input":"required name=search_term_string"}],"inLanguage":"ja"},{"@type":"WebPage","@id":"https:\/\/finknumrich.de\/ja\/legal-notice\/#webpage","url":"https:\/\/finknumrich.de\/ja\/legal-notice\/","name":"Legal Notice - Fink Numrich Intellectual Property","isPartOf":{"@id":"https:\/\/finknumrich.de\/#website"},"datePublished":"2021-12-16T21:22:26+00:00","dateModified":"2021-12-16T21:22:51+00:00","breadcrumb":{"@id":"https:\/\/finknumrich.de\/ja\/legal-notice\/#breadcrumb"},"inLanguage":"ja","potentialAction":[{"@type":"ReadAction","target":["https:\/\/finknumrich.de\/ja\/legal-notice\/"]}]},{"@type":"BreadcrumbList","@id":"https:\/\/finknumrich.de\/ja\/legal-notice\/#breadcrumb","itemListElement":[{"@type":"ListItem","position":1,"name":"Startseite","item":"https:\/\/finknumrich.de\/ja\/"},{"@type":"ListItem","position":2,"name":"Legal Notice"}]}]}},"_links":{"self":[{"href":"https:\/\/finknumrich.de\/ja\/wp-json\/wp\/v2\/pages\/1161"}],"collection":[{"href":"https:\/\/finknumrich.de\/ja\/wp-json\/wp\/v2\/pages"}],"about":[{"href":"https:\/\/finknumrich.de\/ja\/wp-json\/wp\/v2\/types\/page"}],"author":[{"embeddable":true,"href":"https:\/\/finknumrich.de\/ja\/wp-json\/wp\/v2\/users\/1"}],"replies":[{"embeddable":true,"href":"https:\/\/finknumrich.de\/ja\/wp-json\/wp\/v2\/comments?post=1161"}],"version-history":[{"count":1,"href":"https:\/\/finknumrich.de\/ja\/wp-json\/wp\/v2\/pages\/1161\/revisions"}],"predecessor-version":[{"id":1162,"href":"https:\/\/finknumrich.de\/ja\/wp-json\/wp\/v2\/pages\/1161\/revisions\/1162"}],"wp:attachment":[{"href":"https:\/\/finknumrich.de\/ja\/wp-json\/wp\/v2\/media?parent=1161"}],"curies":[{"name":"wp","href":"https:\/\/api.w.org\/{rel}","templated":true}]}}